{"id":36,"date":"2021-11-16T10:13:02","date_gmt":"2021-11-16T13:13:02","guid":{"rendered":"https:\/\/grupoautos.com.br\/cotacao\/?page_id=36"},"modified":"2021-11-19T13:55:09","modified_gmt":"2021-11-19T16:55:09","slug":"obrigado","status":"publish","type":"page","link":"https:\/\/grupoautos.com.br\/cotacao\/obrigado\/","title":{"rendered":"Obrigado"},"content":{"rendered":"\t\t<div data-elementor-type=\"wp-page\" data-elementor-id=\"36\" class=\"elementor elementor-36\">\n\t\t\t\t\t\t\t\t\t<section class=\"elementor-section elementor-top-section elementor-element elementor-element-3d172c3b elementor-section-height-full elementor-section-boxed elementor-section-height-default elementor-section-items-middle\" data-id=\"3d172c3b\" data-element_type=\"section\">\n\t\t\t\t\t\t<div class=\"elementor-container elementor-column-gap-default\">\n\t\t\t\t\t<div class=\"elementor-column elementor-col-100 elementor-top-column elementor-element elementor-element-3f5e1f92\" data-id=\"3f5e1f92\" data-element_type=\"column\">\n\t\t\t<div class=\"elementor-widget-wrap elementor-element-populated\">\n\t\t\t\t\t\t\t\t<div class=\"elementor-element elementor-element-7285b28f elementor-widget elementor-widget-image\" data-id=\"7285b28f\" data-element_type=\"widget\" data-widget_type=\"image.default\">\n\t\t\t\t<div class=\"elementor-widget-container\">\n\t\t\t<style>\/*! elementor - v3.6.3 - 12-04-2022 *\/\n.elementor-widget-image{text-align:center}.elementor-widget-image a{display:inline-block}.elementor-widget-image a img[src$=\".svg\"]{width:48px}.elementor-widget-image img{vertical-align:middle;display:inline-block}<\/style>\t\t\t\t\t\t\t\t\t\t\t\t<img loading=\"lazy\" decoding=\"async\" width=\"1024\" height=\"376\" src=\"https:\/\/grupoautos.com.br\/cotacao\/wp-content\/uploads\/2021\/11\/WhatsApp-Image-2021-11-11-at-11.18.44-2-1024x376.jpeg\" class=\"attachment-large size-large\" alt=\"\" srcset=\"https:\/\/grupoautos.com.br\/cotacao\/wp-content\/uploads\/2021\/11\/WhatsApp-Image-2021-11-11-at-11.18.44-2-1024x376.jpeg 1024w, https:\/\/grupoautos.com.br\/cotacao\/wp-content\/uploads\/2021\/11\/WhatsApp-Image-2021-11-11-at-11.18.44-2-300x110.jpeg 300w, https:\/\/grupoautos.com.br\/cotacao\/wp-content\/uploads\/2021\/11\/WhatsApp-Image-2021-11-11-at-11.18.44-2-768x282.jpeg 768w, https:\/\/grupoautos.com.br\/cotacao\/wp-content\/uploads\/2021\/11\/WhatsApp-Image-2021-11-11-at-11.18.44-2.jpeg 1280w\" sizes=\"auto, (max-width: 1024px) 100vw, 1024px\" \/>\t\t\t\t\t\t\t\t\t\t\t\t\t\t\t<\/div>\n\t\t\t\t<\/div>\n\t\t\t\t<div class=\"elementor-element elementor-element-2f80c0b3 elementor-widget elementor-widget-spacer\" data-id=\"2f80c0b3\" data-element_type=\"widget\" data-widget_type=\"spacer.default\">\n\t\t\t\t<div class=\"elementor-widget-container\">\n\t\t\t<style>\/*! elementor - v3.6.3 - 12-04-2022 *\/\n.e-container.e-container--row .elementor-spacer-inner{width:var(--spacer-size)}.e-container.e-container--column .elementor-spacer-inner,.elementor-column .elementor-spacer-inner{height:var(--spacer-size)}<\/style>\t\t<div class=\"elementor-spacer\">\n\t\t\t<div class=\"elementor-spacer-inner\"><\/div>\n\t\t<\/div>\n\t\t\t\t<\/div>\n\t\t\t\t<\/div>\n\t\t\t\t<div class=\"elementor-element elementor-element-136ad4cc elementor-widget elementor-widget-heading\" data-id=\"136ad4cc\" data-element_type=\"widget\" data-widget_type=\"heading.default\">\n\t\t\t\t<div class=\"elementor-widget-container\">\n\t\t\t<style>\/*! elementor - v3.6.3 - 12-04-2022 *\/\n.elementor-heading-title{padding:0;margin:0;line-height:1}.elementor-widget-heading .elementor-heading-title[class*=elementor-size-]>a{color:inherit;font-size:inherit;line-height:inherit}.elementor-widget-heading .elementor-heading-title.elementor-size-small{font-size:15px}.elementor-widget-heading .elementor-heading-title.elementor-size-medium{font-size:19px}.elementor-widget-heading .elementor-heading-title.elementor-size-large{font-size:29px}.elementor-widget-heading .elementor-heading-title.elementor-size-xl{font-size:39px}.elementor-widget-heading .elementor-heading-title.elementor-size-xxl{font-size:59px}<\/style><h2 class=\"elementor-heading-title elementor-size-default\"><b>Cadastro realizado com sucesso.<\/b><br>Agilize seu atendimento clicando no bot\u00e3o abaixo<\/h2>\t\t<\/div>\n\t\t\t\t<\/div>\n\t\t\t\t<div class=\"elementor-element elementor-element-6e7ca48 elementor-widget elementor-widget-spacer\" data-id=\"6e7ca48\" data-element_type=\"widget\" data-widget_type=\"spacer.default\">\n\t\t\t\t<div class=\"elementor-widget-container\">\n\t\t\t\t\t<div class=\"elementor-spacer\">\n\t\t\t<div class=\"elementor-spacer-inner\"><\/div>\n\t\t<\/div>\n\t\t\t\t<\/div>\n\t\t\t\t<\/div>\n\t\t\t\t<div class=\"elementor-element elementor-element-213df2f1 elementor-align-center elementor-widget elementor-widget-button\" data-id=\"213df2f1\" data-element_type=\"widget\" data-widget_type=\"button.default\">\n\t\t\t\t<div class=\"elementor-widget-container\">\n\t\t\t\t\t<div class=\"elementor-button-wrapper\">\n\t\t\t<a href=\"https:\/\/api.whatsapp.com\/send?phone=5544999419009&#038;text=Quero%20finalizar%20minha%20simula%C3%A7%C3%A3o!\" class=\"elementor-button-link elementor-button elementor-size-md elementor-animation-shrink\" role=\"button\">\n\t\t\t\t\t\t<span class=\"elementor-button-content-wrapper\">\n\t\t\t\t\t\t\t<span class=\"elementor-button-icon elementor-align-icon-right\">\n\t\t\t\t<i aria-hidden=\"true\" class=\"fab fa-whatsapp\"><\/i>\t\t\t<\/span>\n\t\t\t\t\t\t<span class=\"elementor-button-text\">Chamar no Whatsapp<\/span>\n\t\t<\/span>\n\t\t\t\t\t<\/a>\n\t\t<\/div>\n\t\t\t\t<\/div>\n\t\t\t\t<\/div>\n\t\t\t\t\t<\/div>\n\t\t<\/div>\n\t\t\t\t\t\t\t<\/div>\n\t\t<\/section>\n\t\t\t\t\t\t\t<\/div>\n\t\t","protected":false},"excerpt":{"rendered":"<p>Cadastro realizado com sucesso.Agilize seu atendimento clicando no bot\u00e3o abaixo Chamar no Whatsapp<\/p>\n","protected":false},"author":1,"featured_media":0,"parent":0,"menu_order":0,"comment_status":"closed","ping_status":"closed","template":"elementor_header_footer","meta":{"site-sidebar-layout":"no-sidebar","site-content-layout":"page-builder","ast-main-header-display":"disabled","ast-hfb-above-header-display":"","ast-hfb-below-header-display":"","ast-hfb-mobile-header-display":"disabled","site-post-title":"disabled","ast-breadcrumbs-content":"","ast-featured-img":"disabled","footer-sml-layout":"","theme-transparent-header-meta":"default","adv-header-id-meta":"","stick-header-meta":"","header-above-stick-meta":"","header-main-stick-meta":"","header-below-stick-meta":"","footnotes":""},"class_list":["post-36","page","type-page","status-publish","hentry"],"yoast_head":"<!-- This site is optimized with the Yoast SEO plugin v21.8 - https:\/\/yoast.com\/wordpress\/plugins\/seo\/ -->\n<title>Obrigado - Grupo Autos<\/title>\n<meta name=\"robots\" content=\"index, follow, max-snippet:-1, max-image-preview:large, max-video-preview:-1\" \/>\n<link rel=\"canonical\" href=\"https:\/\/grupoautos.com.br\/cotacao\/obrigado\/\" \/>\n<meta property=\"og:locale\" content=\"pt_BR\" \/>\n<meta property=\"og:type\" content=\"article\" \/>\n<meta property=\"og:title\" content=\"Obrigado - Grupo Autos\" \/>\n<meta property=\"og:description\" content=\"Cadastro realizado com sucesso.Agilize seu atendimento clicando no bot\u00e3o abaixo Chamar no Whatsapp\" \/>\n<meta property=\"og:url\" content=\"https:\/\/grupoautos.com.br\/cotacao\/obrigado\/\" \/>\n<meta property=\"og:site_name\" content=\"Grupo Autos\" \/>\n<meta property=\"article:modified_time\" content=\"2021-11-19T16:55:09+00:00\" \/>\n<meta property=\"og:image\" content=\"https:\/\/grupoautos.com.br\/cotacao\/wp-content\/uploads\/2021\/11\/WhatsApp-Image-2021-11-11-at-11.18.44-2-1024x376.jpeg\" \/>\n<meta name=\"twitter:card\" content=\"summary_large_image\" \/>\n<meta name=\"twitter:label1\" content=\"Est. tempo de leitura\" \/>\n\t<meta name=\"twitter:data1\" content=\"1 minuto\" \/>\n<script type=\"application\/ld+json\" class=\"yoast-schema-graph\">{\"@context\":\"https:\/\/schema.org\",\"@graph\":[{\"@type\":\"WebPage\",\"@id\":\"https:\/\/grupoautos.com.br\/cotacao\/obrigado\/\",\"url\":\"https:\/\/grupoautos.com.br\/cotacao\/obrigado\/\",\"name\":\"Obrigado - Grupo Autos\",\"isPartOf\":{\"@id\":\"https:\/\/grupoautos.com.br\/cotacao\/#website\"},\"datePublished\":\"2021-11-16T13:13:02+00:00\",\"dateModified\":\"2021-11-19T16:55:09+00:00\",\"breadcrumb\":{\"@id\":\"https:\/\/grupoautos.com.br\/cotacao\/obrigado\/#breadcrumb\"},\"inLanguage\":\"pt-BR\",\"potentialAction\":[{\"@type\":\"ReadAction\",\"target\":[\"https:\/\/grupoautos.com.br\/cotacao\/obrigado\/\"]}]},{\"@type\":\"BreadcrumbList\",\"@id\":\"https:\/\/grupoautos.com.br\/cotacao\/obrigado\/#breadcrumb\",\"itemListElement\":[{\"@type\":\"ListItem\",\"position\":1,\"name\":\"In\u00edcio\",\"item\":\"https:\/\/grupoautos.com.br\/cotacao\/\"},{\"@type\":\"ListItem\",\"position\":2,\"name\":\"Obrigado\"}]},{\"@type\":\"WebSite\",\"@id\":\"https:\/\/grupoautos.com.br\/cotacao\/#website\",\"url\":\"https:\/\/grupoautos.com.br\/cotacao\/\",\"name\":\"Grupo Autos\",\"description\":\"Prote\u00e7\u00e3o Ve\u00edcular\",\"potentialAction\":[{\"@type\":\"SearchAction\",\"target\":{\"@type\":\"EntryPoint\",\"urlTemplate\":\"https:\/\/grupoautos.com.br\/cotacao\/?s={search_term_string}\"},\"query-input\":\"required name=search_term_string\"}],\"inLanguage\":\"pt-BR\"}]}<\/script>\n<!-- \/ Yoast SEO plugin. -->","yoast_head_json":{"title":"Obrigado - Grupo Autos","robots":{"index":"index","follow":"follow","max-snippet":"max-snippet:-1","max-image-preview":"max-image-preview:large","max-video-preview":"max-video-preview:-1"},"canonical":"https:\/\/grupoautos.com.br\/cotacao\/obrigado\/","og_locale":"pt_BR","og_type":"article","og_title":"Obrigado - Grupo Autos","og_description":"Cadastro realizado com sucesso.Agilize seu atendimento clicando no bot\u00e3o abaixo Chamar no Whatsapp","og_url":"https:\/\/grupoautos.com.br\/cotacao\/obrigado\/","og_site_name":"Grupo Autos","article_modified_time":"2021-11-19T16:55:09+00:00","og_image":[{"url":"https:\/\/grupoautos.com.br\/cotacao\/wp-content\/uploads\/2021\/11\/WhatsApp-Image-2021-11-11-at-11.18.44-2-1024x376.jpeg"}],"twitter_card":"summary_large_image","twitter_misc":{"Est. tempo de leitura":"1 minuto"},"schema":{"@context":"https:\/\/schema.org","@graph":[{"@type":"WebPage","@id":"https:\/\/grupoautos.com.br\/cotacao\/obrigado\/","url":"https:\/\/grupoautos.com.br\/cotacao\/obrigado\/","name":"Obrigado - Grupo Autos","isPartOf":{"@id":"https:\/\/grupoautos.com.br\/cotacao\/#website"},"datePublished":"2021-11-16T13:13:02+00:00","dateModified":"2021-11-19T16:55:09+00:00","breadcrumb":{"@id":"https:\/\/grupoautos.com.br\/cotacao\/obrigado\/#breadcrumb"},"inLanguage":"pt-BR","potentialAction":[{"@type":"ReadAction","target":["https:\/\/grupoautos.com.br\/cotacao\/obrigado\/"]}]},{"@type":"BreadcrumbList","@id":"https:\/\/grupoautos.com.br\/cotacao\/obrigado\/#breadcrumb","itemListElement":[{"@type":"ListItem","position":1,"name":"In\u00edcio","item":"https:\/\/grupoautos.com.br\/cotacao\/"},{"@type":"ListItem","position":2,"name":"Obrigado"}]},{"@type":"WebSite","@id":"https:\/\/grupoautos.com.br\/cotacao\/#website","url":"https:\/\/grupoautos.com.br\/cotacao\/","name":"Grupo Autos","description":"Prote\u00e7\u00e3o Ve\u00edcular","potentialAction":[{"@type":"SearchAction","target":{"@type":"EntryPoint","urlTemplate":"https:\/\/grupoautos.com.br\/cotacao\/?s={search_term_string}"},"query-input":"required name=search_term_string"}],"inLanguage":"pt-BR"}]}},"_links":{"self":[{"href":"https:\/\/grupoautos.com.br\/cotacao\/wp-json\/wp\/v2\/pages\/36","targetHints":{"allow":["GET"]}}],"collection":[{"href":"https:\/\/grupoautos.com.br\/cotacao\/wp-json\/wp\/v2\/pages"}],"about":[{"href":"https:\/\/grupoautos.com.br\/cotacao\/wp-json\/wp\/v2\/types\/page"}],"author":[{"embeddable":true,"href":"https:\/\/grupoautos.com.br\/cotacao\/wp-json\/wp\/v2\/users\/1"}],"replies":[{"embeddable":true,"href":"https:\/\/grupoautos.com.br\/cotacao\/wp-json\/wp\/v2\/comments?post=36"}],"version-history":[{"count":8,"href":"https:\/\/grupoautos.com.br\/cotacao\/wp-json\/wp\/v2\/pages\/36\/revisions"}],"predecessor-version":[{"id":146,"href":"https:\/\/grupoautos.com.br\/cotacao\/wp-json\/wp\/v2\/pages\/36\/revisions\/146"}],"wp:attachment":[{"href":"https:\/\/grupoautos.com.br\/cotacao\/wp-json\/wp\/v2\/media?parent=36"}],"curies":[{"name":"wp","href":"https:\/\/api.w.org\/{rel}","templated":true}]}}